{"id":3,"date":"2024-11-30T22:42:55","date_gmt":"2024-11-30T22:42:55","guid":{"rendered":"http:\/\/fontdevila.art\/?page_id=3"},"modified":"2024-12-07T20:09:29","modified_gmt":"2024-12-07T20:09:29","slug":"politica-de-privacitat","status":"publish","type":"page","link":"https:\/\/fontdevila.art\/es\/politica-de-privacitat\/","title":{"rendered":"Pol\u00edtica de Privacidad"},"content":{"rendered":"<p>[et_pb_section fb_built=&#8221;1&#8243; _builder_version=&#8221;4.27.4&#8243; _module_preset=&#8221;default&#8221; global_colors_info=&#8221;{}&#8221;][et_pb_row _builder_version=&#8221;4.27.4&#8243; _module_preset=&#8221;default&#8221; global_colors_info=&#8221;{}&#8221;][et_pb_column type=&#8221;4_4&#8243; _builder_version=&#8221;4.27.4&#8243; _module_preset=&#8221;default&#8221; global_colors_info=&#8221;{}&#8221;][et_pb_text _builder_version=&#8221;4.27.4&#8243; _module_preset=&#8221;default&#8221; hover_enabled=&#8221;0&#8243; global_colors_info=&#8221;{}&#8221; sticky_enabled=&#8221;0&#8243;]<\/p>\n<p>A <i>fontdevila.art<\/i> garantim la protecci\u00f3 de les teves dades personals i el compliment de la normativa vigent. Ens regim per la Llei Org\u00e0nica 3\/2018, de 5 de desembre, de Protecci\u00f3 de Dades Personals i garantia dels drets digitals, el Reglament General de Protecci\u00f3 de Dades (UE) 2016\/679 i la Llei 34\/2002, d&#8217;11 de juliol, de Serveis de la Societat de la Informaci\u00f3 i Comer\u00e7 Electr\u00f2nic (<i>LSSI<\/i>). Aquest \u00e9s un espai 100% segur.<\/p>\n<p>Si tens menys de 14 anys, necessitar\u00e0s el consentiment dels teus pares o tutors per proporcionar-nos qualsevol informaci\u00f3 personal.<\/p>\n<p>Ens esforcem per crear un entorn de confian\u00e7a, i per aix\u00f2:<\/p>\n<ul>\n<li>Sempre et demanarem el teu consentiment expl\u00edcit abans de tractar les teves dades personals.<\/li>\n<li>Nom\u00e9s sol\u00b7licitarem la informaci\u00f3 estrictament necess\u00e0ria per als fins indicats.<\/li>\n<li>No compartirem les teves dades amb tercers, excepte si ho exigeix la llei o tenim el teu consentiment previ.<\/li>\n<li>Les teves dades seran utilitzades exclusivament amb les finalitats per a les quals les has proporcionat, i podr\u00e0s revocar el consentiment en qualsevol moment.<\/li>\n<li>Les dades es conservaran \u00fanicament durant el temps necessari per complir els objectius del tractament.<\/li>\n<\/ul>\n<p><b>Dades personals i mesures de seguretat<\/b><\/p>\n<p>Les dades que ens facilitis seran tractades sota la denominaci\u00f3 d\u2019\u201cUsuaris de la web i subscriptors\u201d i\/o \u201cClients i prove\u00efdors\u201d. A m\u00e9s, <i>fontdevila.art<\/i> utilitza un certificat SSL que xifra la informaci\u00f3 transmesa entre l&#8217;usuari i el servidor, garantint la seguretat i integritat de les dades.<\/p>\n<p><b>Responsable del tractament<\/b><\/p>\n<ul>\n<li><b><\/b><b>Nom:<\/b> Fontdevila Art<\/li>\n<li><b><\/b>NIF\/CIF: XXXXXXXXX<\/li>\n<li><b><\/b><b>Adre\u00e7a:<\/b> Xxxxx Xx Xxxxxxxxxx, 08870 Sitges (Barcelona)<\/li>\n<li><b><\/b><b>Email:<\/b> info@fontdevila.art<\/li>\n<li><b><\/b><b>Activitat:<\/b> Creaci\u00f3 art\u00edstica i venda d\u2019obres pict\u00f2riques i il\u00b7lustracions<\/li>\n<\/ul>\n<p>&nbsp;<\/p>\n<p><b>Formularis i sistemes de captaci\u00f3 de dades<\/b><\/p>\n<p>La base legal per al tractament de les seves dades \u00e9s: el teu consentiment, sempre requereix el consentiment previ dels usuaris per a tractar les seves dades personals amb els fins indicats en cadascun dels formularis.<\/p>\n<p><b>Les dades es recullen a trav\u00e9s dels seg\u00fcents canals:<\/b><\/p>\n<ul>\n<li><b><\/b><b>Formularis de subscripci\u00f3:<\/b> Sol\u00b7liciten nom i email. Aquesta informaci\u00f3 s\u2019utilitza per enviar newsletters amb novetats i promocions exclusives.<\/li>\n<li><b><\/b><b>Formulari de contacte:<\/b> Utilitzat per resoldre dubtes, rebre suggeriments o tractar consultes professionals. Les dades proporcionades nom\u00e9s s\u2019utilitzen per respondre a aquestes sol\u00b7licituds.<\/li>\n<li><b><\/b><b>Formulari de compra:<\/b> Per adquirir obres o il\u00b7lustracions, es recullen dades com el nom, cognoms, email, adre\u00e7a, DNI i tel\u00e8fon.<\/li>\n<li><b><\/b><b>Cookies:<\/b> Les galetes s\u2019utilitzen per optimitzar la navegaci\u00f3 i oferir una experi\u00e8ncia personalitzada. Pots consultar-ne els detalls a la <a href=\"https:\/\/fontdevila.art\/es\/politica-de-cookies\/\">Pol\u00edtica de Cookies<\/a>.<\/li>\n<\/ul>\n<p>Les dades personals es conservaran mentre duri la relaci\u00f3 comercial o fins que l&#8217;usuari sol\u00b7liciti la seva eliminaci\u00f3. No es tractaran dades especialment sensibles.<\/p>\n<p><b>Sistemes de rastreig i publicitat<\/b><\/p>\n<p>A <i>fontdevila.art<\/i> utilitzem eines com Google Analytics per analitzar el comportament dels visitants de forma an\u00f2nima i millorar la nostra oferta. Tamb\u00e9 fem servir:<\/p>\n<ul>\n<li><b><\/b><b>Facebook Ads i Instagram Ads:<\/b> Per segmentar audi\u00e8ncies segons interessos, ubicaci\u00f3 o demografia. Aix\u00f2 ens permet personalitzar la publicitat i oferir contingut rellevant. Pots desactivar aquesta funcionalitat des de la configuraci\u00f3 del teu perfil a Facebook.<\/li>\n<li><b><\/b><b>Google Ads:<\/b> Per crear campanyes publicit\u00e0ries optimitzades segons les prefer\u00e8ncies dels nostres usuaris.<\/li>\n<li><b><\/b><b>Rem\u00e0rqueting:<\/b> Per reconnectar amb visitants que ja han interactuat amb la web, mostrant missatges personalitzats a altres plataformes.<\/li>\n<\/ul>\n<p>En cap cas es far\u00e0 un \u00fas indegut de les dades recopilades, i podr\u00e0s revocar el consentiment accedint a les opcions de configuraci\u00f3 de les plataformes publicit\u00e0ries o desactivant les cookies.<\/p>\n<p>Per qualsevol dubte sobre el tractament de les teves dades, pots contactar amb nosaltres a trav\u00e9s de les dades de contacte indicades anteriorment.<\/p>\n<p><b>A quins tercers es comunicaran les teves dades?<\/b><\/p>\n<p>Per oferir-te els nostres productes i serveis, treballem amb diversos prove\u00efdors que compleixen estrictament amb les seves pr\u00f2pies pol\u00edtiques de privacitat. Aquestes empreses nom\u00e9s accedeixen a les dades imprescindibles per realitzar les seves funcions i no poden utilitzar-les amb altres finalitats. A continuaci\u00f3, detallem els prove\u00efdors i la seva relaci\u00f3 amb <i>fontdevila.art<\/i>:<\/p>\n<p><b>Prove\u00efdors de serveis externs<\/b><\/p>\n<ul>\n<li><b><\/b><b>Google Analytics:<\/b> Servei d\u2019an\u00e0lisi web prestat per Google, Inc., amb seu a 1600 Amphitheatre Parkway, Mountain View, Calif\u00f2rnia, EUA. Utilitza cookies per analitzar l\u2019\u00fas de la web per part dels usuaris. La informaci\u00f3 generada per les cookies, inclosa la teva adre\u00e7a IP, es transmet i s\u2019emmagatzema en servidors als Estats Units. M\u00e9s informaci\u00f3 a: Pol\u00edtica de Privacitat de Google.<\/li>\n<\/ul>\n<ul>\n<li><b><\/b><b>Plataforma web:<\/b> <i>WordPress.org<\/i> (Automattic Inc.), amb domicili als EUA. Proporciona serveis de gesti\u00f3 i allotjament de la web. Consulta la seva pol\u00edtica de privacitat aqu\u00ed: <a href=\"https:\/\/wordpress.org\/about\/privacy\/\" target=\"_blank\" rel=\"noopener\">Automattic Privacy Policy<\/a>.<\/li>\n<\/ul>\n<ul>\n<li><b><\/b><b>Hosting:<\/b> <i>Hostinger International Ltd.<\/i>, amb seu a Kaunas, Litu\u00e0nia (Jonavos g. 60C, 44192). Aquesta empresa s\u2019encarrega de l\u2019allotjament web i garanteix el compliment de les seves pol\u00edtiques de protecci\u00f3 de dades. Pots consultar m\u00e9s informaci\u00f3 a: Pol\u00edtica de privacitat de Hostinger.<\/li>\n<\/ul>\n<ul>\n<li><b><\/b>Email m\u00e0rqueting:<\/li>\n<\/ul>\n<ul>\n<li style=\"list-style-type: none;\">\n<ul>\n<li><b><\/b><b>MailChimp:<\/b> (<i>The Rocket Science Group LLC<\/i>), tamb\u00e9 amb seu als EUA. Utilitzada per a serveis similars sota cl\u00e0usules tipus de la UE. M\u00e9s informaci\u00f3 a: <a href=\"https:\/\/mailchimp.com\/legal\/privacy\/\" target=\"_blank\" rel=\"noopener\">MailChimp Privacy Policy<\/a>.<\/li>\n<\/ul>\n<\/li>\n<\/ul>\n<ul>\n<li><b><\/b>Processadors de pagament:<\/li>\n<\/ul>\n<ul>\n<li style=\"list-style-type: none;\">\n<ul>\n<li><b><\/b><b>PayPal Europe S.\u00e0.r.l. et Cie, S.C.A.:<\/b> Gestiona pagaments mitjan\u00e7ant targeta de cr\u00e8dit i d\u00e8bit. T\u00e9 seu a Luxemburg. Pots consultar la seva pol\u00edtica de privacitat a: <a href=\"https:\/\/www.paypal.com\/es\/webapps\/mpp\/ua\/privacy-full?locale.x=es_es\" target=\"_blank\" rel=\"noopener\">PayPal Privacy Policy<\/a>.<\/li>\n<\/ul>\n<\/li>\n<\/ul>\n<ul>\n<li style=\"list-style-type: none;\">\n<ul>\n<li><b><\/b><b>Redsys Servicios de Procesamiento S.L.:<\/b> Empresa espanyola especialitzada en sistemes de pagament. T\u00e9 seu a Madrid (C\/ Francisco Sancha, 12, 28034). Garanteix el compliment de les normatives europees de protecci\u00f3 de dades. Pots consultar la seva pol\u00edtica de privacitat a: Redsys Privacy Policy.<\/li>\n<\/ul>\n<\/li>\n<\/ul>\n<ul>\n<li><b><\/b><b>Assessoria fiscal:<\/b><span class=\"Apple-converted-space\">\u00a0<\/span><\/li>\n<\/ul>\n<ul>\n<li><b><\/b>Allotjament al n\u00favol:<\/li>\n<\/ul>\n<ul>\n<li style=\"list-style-type: none;\">\n<ul>\n<li><b><\/b><b>Dropbox, Inc.:<\/b> Utilitzat per guardar documents relacionats amb l\u2019activitat de la web. Amb seu als EUA, segueix cl\u00e0usules tipus aprovades per la Comissi\u00f3 Europea. Detalls a: <a href=\"https:\/\/www.dropbox.com\/privacy\" target=\"_blank\" rel=\"noopener\">Dropbox Privacy Policy<\/a>.<\/li>\n<\/ul>\n<\/li>\n<\/ul>\n<p><b>Transfer\u00e8ncia de dades<\/b><\/p>\n<p>En alguns casos, les dades poden ser transferides internacionalment (per exemple, als EUA). Sempre es garantir\u00e0 que els prove\u00efdors compleixin amb les cl\u00e0usules tipus establertes per la Uni\u00f3 Europea per protegir la privacitat dels usuaris.<\/p>\n<p>Si tens dubtes sobre aquests serveis o el tractament de les teves dades, pots contactar amb nosaltres mitjan\u00e7ant el correu <b>info@fontdevila.art<\/b>.<\/p>\n<p><b>Interacci\u00f3 amb plugins socials<\/b><\/p>\n<p>A la p\u00e0gina web de <i>fontdevila.art<\/i>, pots trobar enlla\u00e7os i serveis que et permeten connectar amb diverses xarxes socials, com el bot\u00f3 &#8220;M&#8217;agrada&#8221; de Facebook o altres funcions similars d&#8217;Instagram o TikTok. Si ets membre d&#8217;alguna d&#8217;aquestes plataformes i fas clic en els enlla\u00e7os corresponents, el prove\u00efdor de la xarxa social podr\u00e0 associar les teves dades de perfil amb la informaci\u00f3 de la teva visita al nostre lloc web.<\/p>\n<p>Per gestionar la teva privacitat en aquestes xarxes socials, consulta les seves pol\u00edtiques de privacitat i ajusta la configuraci\u00f3 del teu perfil segons les teves necessitats:<\/p>\n<ul>\n<li><b><\/b><b>Facebook:<\/b> <a href=\"https:\/\/www.facebook.com\/privacy\/explanation\" target=\"_blank\" rel=\"noopener\">Pol\u00edtica de Privacitat de Facebook<\/a><\/li>\n<li><b><\/b><b>Twitter:<\/b> <a href=\"https:\/\/twitter.com\/es\/privacy\" target=\"_blank\" rel=\"noopener\">Pol\u00edtica de Privacitat de Twitter<\/a><\/li>\n<li><b><\/b><b>Google:<\/b> <a href=\"https:\/\/policies.google.com\/privacy\" target=\"_blank\" rel=\"noopener\">Pol\u00edtica de Privacitat de Google<\/a><\/li>\n<li><b><\/b><b>LinkedIn:<\/b> <a href=\"https:\/\/www.linkedin.com\/legal\/privacy-policy\" target=\"_blank\" rel=\"noopener\">Pol\u00edtica de Privacitat de LinkedIn<\/a><\/li>\n<li><b><\/b><b>Instagram:<\/b> <a href=\"https:\/\/privacycenter.instagram.com\/policy\" target=\"_blank\" rel=\"noopener\">Pol\u00edtica de Privacitat d\u2019Instagram<\/a><\/li>\n<li><b><\/b><b>TikTok:<\/b> Pol\u00edtica de Privacitat de TikTok<\/li>\n<\/ul>\n<p>Recorda que <i>fontdevila.art<\/i> no ven, comparteix ni lloga la teva informaci\u00f3 personal a tercers.<\/p>\n<p><b>Els teus drets com a usuari<\/b><\/p>\n<p>En qualsevol moment, pots exercir els teus drets d&#8217;acc\u00e9s, rectificaci\u00f3, supressi\u00f3 i, si escau, limitaci\u00f3 del tractament de les teves dades. Aix\u00f2 inclou sol\u00b7licitar la portabilitat de les teves dades a un altre responsable del tractament o oposar-te a l&#8217;\u00fas de les teves dades en determinades situacions.<\/p>\n<p>Per fer valer els teus drets, nom\u00e9s cal que ens escriguis a <b>info@fontdevila.art<\/b> indicant &#8220;Protecci\u00f3 de Dades&#8221; en l\u2019assumpte i adjuntant una prova v\u00e0lida, com una c\u00f2pia del DNI o equivalent.<\/p>\n<p>Tamb\u00e9 pots donar-te de baixa f\u00e0cilment de qualsevol comunicaci\u00f3 comercial o <i>newsletter<\/i> fent clic a l\u2019enlla\u00e7 de desactivaci\u00f3 que trobar\u00e0s al final de cada missatge.<\/p>\n<p>Si consideres que s\u2019ha infringit la normativa de protecci\u00f3 de dades, tens dret a presentar una reclamaci\u00f3 davant l\u2019Ag\u00e8ncia Espanyola de Protecci\u00f3 de Dades.<\/p>\n<p><b>Segmentaci\u00f3 i creaci\u00f3 de perfils<\/b><\/p>\n<p>Les dades personals que facilites en subscripcions, contactes o altres interaccions amb la web, aix\u00ed com la informaci\u00f3 recopilada mitjan\u00e7ant <i>cookies<\/i>, poden ser utilitzades per segmentar o categoritzar usuaris amb l&#8217;objectiu de millorar la gesti\u00f3 i el servei.<\/p>\n<p>Aquests processos permeten, per exemple, analitzar les teves prefer\u00e8ncies per oferir-te comunicacions personalitzades o continguts ajustats als teus interessos. La informaci\u00f3 utilitzada no permet identificar-te directament, sin\u00f3 que es presenta de forma agregada (com edat, g\u00e8nere, pa\u00eds, etc.).<\/p>\n<p>L&#8217;objectiu d&#8217;aquest tractament \u00e9s oferir una experi\u00e8ncia personalitzada, millorar els nostres serveis i realitzar estad\u00edstiques que ens ajudin a comprendre millor el nostre p\u00fablic.<\/p>\n<p><b>Acceptaci\u00f3 i consentiment<\/b><\/p>\n<p>En utilitzar aquest web, declares que has estat informat sobre les condicions de protecci\u00f3 de dades i que acceptes el tractament de la teva informaci\u00f3 personal per part de <i>Fontdevila Art<\/i>, segons s\u2019indica en aquesta pol\u00edtica de privacitat.<\/p>\n<p><b>Modificacions a la Pol\u00edtica de Privacitat<\/b><\/p>\n<p>A <i>Fontdevila Art<\/i>, ens reservem el dret de fer canvis a aquesta pol\u00edtica de privacitat per tal d&#8217;adequar-la a actualitzacions legals, canvis jurisprudencials o novetats en les directrius de l&#8217;Ag\u00e8ncia Espanyola de Protecci\u00f3 de Dades. Qualsevol modificaci\u00f3 ser\u00e0 degudament anunciada en aquesta p\u00e0gina amb la suficient antelaci\u00f3 abans de la seva aplicaci\u00f3.<\/p>\n<p>&nbsp;<\/p>\n<p>La pol\u00edtica de privacitat va ser actualitzada per \u00faltima vegada el 03\/01\/2025.<\/p>\n<p>\u00a9 Aquestes disposicions legals estan subjectes a drets d&#8217;autor i han estat creades exclusivament per a Fontdevila.Art.<\/p>\n<p>[\/et_pb_text][\/et_pb_column][\/et_pb_row][\/et_pb_section]<\/p>","protected":false},"excerpt":{"rendered":"<p>A fontdevila.art garantim la protecci\u00f3 de les teves dades personals i el compliment de la normativa vigent. Ens regim per la Llei Org\u00e0nica 3\/2018, de 5 de desembre, de Protecci\u00f3 de Dades Personals i garantia dels drets digitals, el Reglament General de Protecci\u00f3 de Dades (UE) 2016\/679 i la Llei 34\/2002, d&#8217;11 de juliol, de [&hellip;]<\/p>","protected":false},"author":1,"featured_media":0,"parent":0,"menu_order":0,"comment_status":"closed","ping_status":"closed","template":"","meta":{"_et_pb_use_builder":"on","_et_pb_old_content":"<!-- wp:heading -->\r\n<h2 class=\"wp-block-heading\">Who we are<\/h2>\r\n<!-- \/wp:heading -->\r\n<!-- wp:paragraph -->\r\n<p><strong class=\"privacy-policy-tutorial\">Suggested text: <\/strong>Our website address is: http:\/\/fontdevila.art.<\/p>\r\n<!-- \/wp:paragraph -->\r\n<!-- wp:heading -->\r\n<h2 class=\"wp-block-heading\">Comments<\/h2>\r\n<!-- \/wp:heading -->\r\n<!-- wp:paragraph -->\r\n<p><strong class=\"privacy-policy-tutorial\">Suggested text: <\/strong>When visitors leave comments on the site we collect the data shown in the comments form, and also the visitor\u2019s IP address and browser user agent string to help spam detection.<\/p>\r\n<!-- \/wp:paragraph -->\r\n<!-- wp:paragraph -->\r\n<p>An anonymized string created from your email address (also called a hash) may be provided to the Gravatar service to see if you are using it. The Gravatar service privacy policy is available here: https:\/\/automattic.com\/privacy\/. After approval of your comment, your profile picture is visible to the public in the context of your comment.<\/p>\r\n<!-- \/wp:paragraph -->\r\n<!-- wp:heading -->\r\n<h2 class=\"wp-block-heading\">Media<\/h2>\r\n<!-- \/wp:heading -->\r\n<!-- wp:paragraph -->\r\n<p><strong class=\"privacy-policy-tutorial\">Suggested text: <\/strong>If you upload images to the website, you should avoid uploading images with embedded location data (EXIF GPS) included. Visitors to the website can download and extract any location data from images on the website.<\/p>\r\n<!-- \/wp:paragraph -->\r\n<!-- wp:heading -->\r\n<h2 class=\"wp-block-heading\">Cookies<\/h2>\r\n<!-- \/wp:heading -->\r\n<!-- wp:paragraph -->\r\n<p><strong class=\"privacy-policy-tutorial\">Suggested text: <\/strong>If you leave a comment on our site you may opt-in to saving your name, email address and website in cookies. These are for your convenience so that you do not have to fill in your details again when you leave another comment. These cookies will last for one year.<\/p>\r\n<!-- \/wp:paragraph -->\r\n<!-- wp:paragraph -->\r\n<p>If you visit our login page, we will set a temporary cookie to determine if your browser accepts cookies. This cookie contains no personal data and is discarded when you close your browser.<\/p>\r\n<!-- \/wp:paragraph -->\r\n<!-- wp:paragraph -->\r\n<p>When you log in, we will also set up several cookies to save your login information and your screen display choices. Login cookies last for two days, and screen options cookies last for a year. If you select \"Remember Me\", your login will persist for two weeks. If you log out of your account, the login cookies will be removed.<\/p>\r\n<!-- \/wp:paragraph -->\r\n<!-- wp:paragraph -->\r\n<p>If you edit or publish an article, an additional cookie will be saved in your browser. This cookie includes no personal data and simply indicates the post ID of the article you just edited. It expires after 1 day.<\/p>\r\n<!-- \/wp:paragraph -->\r\n<!-- wp:heading -->\r\n<h2 class=\"wp-block-heading\">Embedded content from other websites<\/h2>\r\n<!-- \/wp:heading -->\r\n<!-- wp:paragraph -->\r\n<p><strong class=\"privacy-policy-tutorial\">Suggested text: <\/strong>Articles on this site may include embedded content (e.g. videos, images, articles, etc.). Embedded content from other websites behaves in the exact same way as if the visitor has visited the other website.<\/p>\r\n<!-- \/wp:paragraph -->\r\n<!-- wp:paragraph -->\r\n<p>These websites may collect data about you, use cookies, embed additional third-party tracking, and monitor your interaction with that embedded content, including tracking your interaction with the embedded content if you have an account and are logged in to that website.<\/p>\r\n<!-- \/wp:paragraph -->\r\n<!-- wp:heading -->\r\n<h2 class=\"wp-block-heading\">Who we share your data with<\/h2>\r\n<!-- \/wp:heading -->\r\n<!-- wp:paragraph -->\r\n<p><strong class=\"privacy-policy-tutorial\">Suggested text: <\/strong>If you request a password reset, your IP address will be included in the reset email.<\/p>\r\n<!-- \/wp:paragraph -->\r\n<!-- wp:heading -->\r\n<h2 class=\"wp-block-heading\">How long we retain your data<\/h2>\r\n<!-- \/wp:heading -->\r\n<!-- wp:paragraph -->\r\n<p><strong class=\"privacy-policy-tutorial\">Suggested text: <\/strong>If you leave a comment, the comment and its metadata are retained indefinitely. This is so we can recognize and approve any follow-up comments automatically instead of holding them in a moderation queue.<\/p>\r\n<!-- \/wp:paragraph -->\r\n<!-- wp:paragraph -->\r\n<p>For users that register on our website (if any), we also store the personal information they provide in their user profile. All users can see, edit, or delete their personal information at any time (except they cannot change their username). Website administrators can also see and edit that information.<\/p>\r\n<!-- \/wp:paragraph -->\r\n<!-- wp:heading -->\r\n<h2 class=\"wp-block-heading\">What rights you have over your data<\/h2>\r\n<!-- \/wp:heading -->\r\n<!-- wp:paragraph -->\r\n<p><strong class=\"privacy-policy-tutorial\">Suggested text: <\/strong>If you have an account on this site, or have left comments, you can request to receive an exported file of the personal data we hold about you, including any data you have provided to us. You can also request that we erase any personal data we hold about you. This does not include any data we are obliged to keep for administrative, legal, or security purposes.<\/p>\r\n<!-- \/wp:paragraph -->\r\n<!-- wp:heading -->\r\n<h2 class=\"wp-block-heading\">Where your data is sent<\/h2>\r\n<!-- \/wp:heading -->\r\n<!-- wp:paragraph -->\r\n<p><strong class=\"privacy-policy-tutorial\">Suggested text: <\/strong>Visitor comments may be checked through an automated spam detection service.<\/p>\r\n<!-- \/wp:paragraph -->","_et_gb_content_width":"","footnotes":""},"class_list":["post-3","page","type-page","status-publish","hentry"],"_links":{"self":[{"href":"https:\/\/fontdevila.art\/es\/wp-json\/wp\/v2\/pages\/3","targetHints":{"allow":["GET"]}}],"collection":[{"href":"https:\/\/fontdevila.art\/es\/wp-json\/wp\/v2\/pages"}],"about":[{"href":"https:\/\/fontdevila.art\/es\/wp-json\/wp\/v2\/types\/page"}],"author":[{"embeddable":true,"href":"https:\/\/fontdevila.art\/es\/wp-json\/wp\/v2\/users\/1"}],"replies":[{"embeddable":true,"href":"https:\/\/fontdevila.art\/es\/wp-json\/wp\/v2\/comments?post=3"}],"version-history":[{"count":0,"href":"https:\/\/fontdevila.art\/es\/wp-json\/wp\/v2\/pages\/3\/revisions"}],"wp:attachment":[{"href":"https:\/\/fontdevila.art\/es\/wp-json\/wp\/v2\/media?parent=3"}],"curies":[{"name":"wp","href":"https:\/\/api.w.org\/{rel}","templated":true}]}}