{"id":709,"date":"2024-12-05T10:05:32","date_gmt":"2024-12-05T10:05:32","guid":{"rendered":"https:\/\/fontdevila.art\/?page_id=709"},"modified":"2024-12-07T10:45:46","modified_gmt":"2024-12-07T10:45:46","slug":"politica-de-cookies","status":"publish","type":"page","link":"https:\/\/fontdevila.art\/es\/politica-de-cookies\/","title":{"rendered":"Pol\u00edtica de Cookies"},"content":{"rendered":"<p>[et_pb_section fb_built=&#8221;1&#8243; _builder_version=&#8221;4.27.4&#8243; _module_preset=&#8221;default&#8221; global_colors_info=&#8221;{}&#8221;][et_pb_row _builder_version=&#8221;4.27.4&#8243; _module_preset=&#8221;default&#8221; global_colors_info=&#8221;{}&#8221;][et_pb_column type=&#8221;4_4&#8243; _builder_version=&#8221;4.27.4&#8243; _module_preset=&#8221;default&#8221; global_colors_info=&#8221;{}&#8221;][et_pb_text _builder_version=&#8221;4.27.4&#8243; _module_preset=&#8221;default&#8221; hover_enabled=&#8221;0&#8243; global_colors_info=&#8221;{}&#8221; sticky_enabled=&#8221;0&#8243;]<\/p>\n<p>Aquesta pol\u00edtica de cookies es va revisar per \u00faltima vegada el 03\/01\/2025 i s\u2019aplica a ciutadans i residents legals permanents de l\u2019Espai Econ\u00f2mic Europeu.<\/p>\n<ol>\n<li><b>Introducci\u00f3<\/b><\/li>\n<\/ol>\n<p>El nostre lloc web, <a href=\"https:\/\/fontdevila.art\/es\/\">https:\/\/fontdevila.art<\/a> (en endavant, \u00abel lloc web\u00bb), utilitza cookies i altres tecnologies similars (a les quals ens referirem de manera general com a \u00abcookies\u00bb). Algunes cookies tamb\u00e9 s\u00f3n instal\u00b7lades per tercers amb els quals col\u00b7laborem. En aquest document trobar\u00e0s tota la informaci\u00f3 necess\u00e0ria sobre l\u2019\u00fas de cookies al nostre lloc web.<\/p>\n<p><b>2. Qu\u00e8 s\u00f3n les cookies?<\/b><\/p>\n<p>Les cookies s\u00f3n petits arxius de text que es descarreguen juntament amb les p\u00e0gines del lloc web i s\u2019emmagatzemen al teu dispositiu (ja sigui l\u2019ordinador o un altre). Quan tornes a visitar el lloc web, la informaci\u00f3 guardada es pot recuperar i enviar als nostres servidors o als de tercers.<\/p>\n<p><b>3. Qu\u00e8 s\u00f3n els <\/b><b>scripts?<\/b><\/p>\n<p>Un script \u00e9s una porci\u00f3 de codi que permet que el lloc web funcioni de manera interactiva i eficient. Aquest codi pot executar-se tant al servidor com directament al teu dispositiu.<\/p>\n<p><b>4. Qu\u00e8 \u00e9s una balisa web?<\/b><\/p>\n<p>Una balisa web, tamb\u00e9 coneguda com a p\u00edxel de seguiment, \u00e9s un petit element gr\u00e0fic o text invisible que permet monitoritzar el tr\u00e0nsit al lloc web. Amb aquestes balises es recopilen dades sobre els visitants i el seu comportament al lloc.<\/p>\n<p><b>5. Cookies<\/b><\/p>\n<p><b>5.1 Cookies t\u00e8cniques o funcionals<\/b><\/p>\n<p>Aquestes cookies garanteixen el funcionament correcte de certes parts del lloc web i permeten recordar les prefer\u00e8ncies de l\u2019usuari. Aix\u00f2 facilita l\u2019\u00fas del lloc, evitant que hagis d\u2019introduir la mateixa informaci\u00f3 en diverses ocasions. Per exemple, asseguren que els productes a la cistella de la compra es mantinguin fins que realitzis el pagament. Aquestes cookies poden utilitzar-se sense necessitat del teu consentiment previ.<\/p>\n<p><b>5.2 Cookies estad\u00edstiques<\/b><\/p>\n<p>Aquest tipus de cookies ens ajuda a millorar l\u2019experi\u00e8ncia dels usuaris al lloc web mitjan\u00e7ant l\u2019an\u00e0lisi de dades d\u2019\u00fas. Per col\u00b7locar aquestes cookies, sol\u00b7licitem el teu consentiment.<\/p>\n<p><b>5.3 Cookies de m\u00e0rqueting i seguiment<\/b><\/p>\n<p>Aquestes cookies s\u2019utilitzen per crear perfils d\u2019usuari, mostrar publicitat personalitzada o fer seguiment de l\u2019activitat de l\u2019usuari al lloc web o en altres p\u00e0gines amb finalitats promocionals.<\/p>\n<p><b>5.4 Botons de mitjans socials<\/b><\/p>\n<p>Al nostre lloc web incloem botons per facilitar la interacci\u00f3 amb plataformes com Facebook i Instagram, permetent, per exemple, compartir contingut o indicar que t\u2019agrada una p\u00e0gina. Aquests botons funcionen mitjan\u00e7ant codi proporcionat per les pr\u00f2pies xarxes socials, que poden instal\u00b7lar cookies al teu dispositiu. Aquestes cookies poden recopilar i processar dades per mostrar publicitat personalitzada o altres finalitats.<\/p>\n<p>Per obtenir m\u00e9s informaci\u00f3 sobre com aquestes plataformes gestionen les teves dades personals, consulta les seves pol\u00edtiques de privacitat, que poden actualitzar-se amb freq\u00fc\u00e8ncia. Les dades recollides s\u00f3n, en la mesura del possible, anonimitzades. Tingues en compte que tant Facebook com Instagram tenen la seva seu als Estats Units.<\/p>\n<p><b>6. Cookies usades<\/b><\/p>\n<p><b>WordPress<\/b><br \/><b>Tipus:<\/b> Funcional<br \/><b>Finalitat:<\/b> Desenvolupament i personalitzaci\u00f3 del lloc web.<br \/><b>Compartici\u00f3 de dades:<\/b> No es comparteixen amb tercers.<\/p>\n<ul>\n<li><b><\/b><b>Nom:<\/b> WP_DATA_USER_*\n<ul>\n<li><b><\/b>Caducitat: sessi\u00f3<\/li>\n<li><b><\/b><b>Funci\u00f3:<\/b> Guardar prefer\u00e8ncies dels usuaris.<\/li>\n<\/ul>\n<\/li>\n<li><b><\/b><b>Nom:<\/b> wordpress_logged_in_*\n<ul>\n<li><b><\/b>Caducitat: persistent<\/li>\n<li><b><\/b><b>Funci\u00f3:<\/b> Mantenir sessions d&#8217;usuari actives.<\/li>\n<\/ul>\n<\/li>\n<\/ul>\n<p><b>WooCommerce<\/b><br \/><b>Tipus:<\/b> Funcional<br \/><b>Finalitat:<\/b> Gestionem la botiga web amb WooCommerce.<br \/><b>Compartici\u00f3 de dades:<\/b> No es comparteixen amb tercers.<\/p>\n<ul>\n<li><b><\/b><b>Nom:<\/b> wc_cart_hash_*\n<ul>\n<li><b><\/b>Caducitat: sessi\u00f3<\/li>\n<li><b><\/b><b>Funci\u00f3:<\/b> Guardar els articles al carret.<\/li>\n<\/ul>\n<\/li>\n<li><b><\/b><b>Nom:<\/b> wc_cart_created\n<ul>\n<li><b><\/b>Caducitat: sessi\u00f3<\/li>\n<li><b><\/b><b>Funci\u00f3:<\/b> Guardar accions realitzades pels usuaris.<\/li>\n<\/ul>\n<\/li>\n<li><b><\/b><b>Nom:<\/b> wc_fragments_*\n<ul>\n<li><b><\/b>Caducitat: persistent<\/li>\n<li><b><\/b><b>Funci\u00f3:<\/b> Guardar fragments per optimitzar la c\u00e0rrega.<\/li>\n<\/ul>\n<\/li>\n<li><b><\/b><b>Altres cookies similars:<\/b> WooCommerce gestiona altres cookies per garantir el funcionament del carret de compra i sessions actives dels usuaris.<\/li>\n<\/ul>\n<p><b>Google reCAPTCHA<\/b><br \/><b>Tipus:<\/b> Funcional, M\u00e0rqueting\/Seguiment<br \/><b>Finalitat:<\/b> Protegir contra spam i filtratge de sol\u00b7licituds autom\u00e0tiques.<br \/><b>Compartici\u00f3 de dades:<\/b> Consulta la pol\u00edtica de privacitat de Google reCAPTCHA.<\/p>\n<ul>\n<li><b><\/b><b>Nom:<\/b> _grecaptcha\n<ul>\n<li><b><\/b>Caducitat: sessi\u00f3<\/li>\n<li><b><\/b><b>Funci\u00f3:<\/b> Protecci\u00f3 contra correu no desitjat.<\/li>\n<\/ul>\n<\/li>\n<li><b><\/b><b>Altres cookies:<\/b> rc::a, rc::b, rc::c amb funcions per filtrar bots.<\/li>\n<\/ul>\n<p><b>Cookiebot (Usercentrics)<\/b><br \/><b>Tipus:<\/b> Funcional<br \/><b>Finalitat:<\/b> Gesti\u00f3 del consentiment de cookies.<br \/><b>Compartici\u00f3 de dades:<\/b> No es comparteixen amb tercers. Per a m\u00e9s informaci\u00f3, consulta la pol\u00edtica de privacitat de Cookiebot.<\/p>\n<ul>\n<li><b><\/b><b>Nom:<\/b> CookieConsent<\/li>\n<li><b><\/b>Caducitat: 365 dies<\/li>\n<li><b><\/b><b>Funci\u00f3:<\/b> Emmagatzemar l&#8217;estat del consentiment de l&#8217;usuari per a l&#8217;\u00fas de cookies en el lloc web.<\/li>\n<\/ul>\n<p><b>Altres cookies:<\/b> Tamb\u00e9 inclou cookies com CookieConsentBulkTicket i altres similars per gestionar prefer\u00e8ncies de consentiment i assegurar el correcte funcionament del sistema.<\/p>\n<p><b>Altres serveis destacats:<\/b><br \/>A continuaci\u00f3, detallo breument serveis addicionals amb les seves funcions:<\/p>\n<ul>\n<li><b><\/b><b>Google Analytics:<\/b> Recollida d&#8217;estad\u00edstiques d&#8217;\u00fas del lloc web.<\/li>\n<li><b><\/b><b>Facebook i Instagram:<\/b> M\u00e0rqueting i funcionalitats socials amb cookies per emmagatzemar informaci\u00f3 de navegaci\u00f3 o sessions.<\/li>\n<\/ul>\n<p>Per a m\u00e9s informaci\u00f3 detallada sobre totes les cookies utilitzades, pots consultar la <a href=\"https:\/\/fontdevila.art\/es\/declaracio-de-cookies\/\">Declaraci\u00f3 de Cookies completa<\/a>.<\/p>\n<p>7. Consentiment<\/p>\n<p><b>Cookiebot. Consentiment<\/b><br \/>Quan accedeixis al nostre lloc web per primera vegada, es mostrar\u00e0 una finestra emergent amb informaci\u00f3 sobre les cookies. Si fas clic a \u00abGuardar prefer\u00e8ncies\u00bb, estar\u00e0s acceptant l\u2019\u00fas de les categories de cookies i plugins que hagis seleccionat a la finestra emergent, segons el que s\u2019indica en aquesta pol\u00edtica de cookies. Pots desactivar les cookies des del teu navegador, per\u00f2 tingues en compte que aix\u00f2 podria afectar el funcionament correcte de la p\u00e0gina web.<\/p>\n<p><b>7.1 Gestiona les teves prefer\u00e8ncies de consentiment<\/b><\/p>\n<ul>\n<li><b><\/b>Funcional<\/li>\n<li><b><\/b>Estad\u00edstiques<\/li>\n<li><b><\/b>M\u00e0rqueting<\/li>\n<\/ul>\n<p><b>8. Els teus drets respecte a les dades personals<\/b><\/p>\n<p>Tens reconeguts els seg\u00fcents drets en relaci\u00f3 amb les teves dades personals:<\/p>\n<ul>\n<li><b><\/b><b>Dret d\u2019informaci\u00f3:<\/b> Entendre per qu\u00e8 s\u00f3n necess\u00e0ries les teves dades, com es tractaran i quant temps es conservaran.<\/li>\n<li><b><\/b><b>Dret d\u2019acc\u00e9s:<\/b> Pots sol\u00b7licitar accedir a les dades personals que tenim sobre tu.<\/li>\n<li><b><\/b><b>Dret de rectificaci\u00f3:<\/b> Tens dret a modificar, completar, eliminar o bloquejar les teves dades personals quan ho consideris oport\u00fa.<\/li>\n<li><b><\/b><b>Dret a revocar el consentiment:<\/b> Si ens has donat perm\u00eds per processar les teves dades, tens dret a retirar-lo en qualsevol moment i sol\u00b7licitar l\u2019eliminaci\u00f3 de les dades.<\/li>\n<li><b><\/b><b>Dret de portabilitat:<\/b> Pots demanar que les teves dades es transfereixin directament a un altre responsable del tractament.<\/li>\n<li><b><\/b><b>Dret d\u2019oposici\u00f3:<\/b> Et pots oposar al processament de les teves dades personals, tret que hi hagi motius leg\u00edtims per continuar el tractament.<\/li>\n<\/ul>\n<p>Per exercir aquests drets, contacta amb nosaltres a trav\u00e9s de les dades indicades al final d\u2019aquesta pol\u00edtica de cookies. Si tens qualsevol reclamaci\u00f3 sobre com tractem les teves dades, pots comunicar-ho directament o contactar amb l&#8217;autoritat de protecci\u00f3 de dades competent.<\/p>\n<p><b>9. Activaci\u00f3, desactivaci\u00f3 i eliminaci\u00f3 de cookies<\/b><\/p>\n<p>Pots gestionar les cookies del teu navegador per eliminar-les autom\u00e0ticament o manualment, o configurar-lo perqu\u00e8 algunes no es col\u00b7loquin. Tamb\u00e9 pots fer que el navegador t\u2019avisi cada vegada que es col\u00b7loca una cookie. Per a m\u00e9s detalls, consulta la secci\u00f3 \u00abAjuda\u00bb del teu navegador.<\/p>\n<p>Recorda que, si desactives totes les cookies, \u00e9s possible que la web no funcioni correctament. A m\u00e9s, si elimines les cookies, aquestes es tornaran a col\u00b7locar quan tornis a visitar el lloc web, sempre que hagis donat el teu consentiment.<\/p>\n<p><b>10. Dades de contacte<\/b><\/p>\n<p>Si tens qualsevol consulta o comentari sobre la nostra pol\u00edtica de cookies, pots contactar-nos a:<\/p>\n<p><b>Fontdevila Art<\/b><br \/>Carrer Xxxxx Xx Xxxxxxxxxxxx, XX, 08870 Sitges (Barcelona), Espanya<br \/>Web: <a href=\"https:\/\/fontdevila.art\/es\/\">https:\/\/fontdevila.art<\/a><br \/>Email: info@fontdevila.art<br \/>Tel\u00e8fon: +34 XXXXXXXXX<\/p>\n<p>[\/et_pb_text][\/et_pb_column][\/et_pb_row][\/et_pb_section]<\/p>","protected":false},"excerpt":{"rendered":"<p>Aquesta pol\u00edtica de cookies es va revisar per \u00faltima vegada el 03\/01\/2025 i s\u2019aplica a ciutadans i residents legals permanents de l\u2019Espai Econ\u00f2mic Europeu. Introducci\u00f3 El nostre lloc web, https:\/\/fontdevila.art (en endavant, \u00abel lloc web\u00bb), utilitza cookies i altres tecnologies similars (a les quals ens referirem de manera general com a \u00abcookies\u00bb). Algunes cookies tamb\u00e9 [&hellip;]<\/p>","protected":false},"author":2,"featured_media":0,"parent":0,"menu_order":0,"comment_status":"closed","ping_status":"closed","template":"","meta":{"_et_pb_use_builder":"on","_et_pb_old_content":"","_et_gb_content_width":"","footnotes":""},"class_list":["post-709","page","type-page","status-publish","hentry"],"_links":{"self":[{"href":"https:\/\/fontdevila.art\/es\/wp-json\/wp\/v2\/pages\/709","targetHints":{"allow":["GET"]}}],"collection":[{"href":"https:\/\/fontdevila.art\/es\/wp-json\/wp\/v2\/pages"}],"about":[{"href":"https:\/\/fontdevila.art\/es\/wp-json\/wp\/v2\/types\/page"}],"author":[{"embeddable":true,"href":"https:\/\/fontdevila.art\/es\/wp-json\/wp\/v2\/users\/2"}],"replies":[{"embeddable":true,"href":"https:\/\/fontdevila.art\/es\/wp-json\/wp\/v2\/comments?post=709"}],"version-history":[{"count":0,"href":"https:\/\/fontdevila.art\/es\/wp-json\/wp\/v2\/pages\/709\/revisions"}],"wp:attachment":[{"href":"https:\/\/fontdevila.art\/es\/wp-json\/wp\/v2\/media?parent=709"}],"curies":[{"name":"wp","href":"https:\/\/api.w.org\/{rel}","templated":true}]}}