{"id":722,"date":"2024-12-07T11:32:16","date_gmt":"2024-12-07T11:32:16","guid":{"rendered":"https:\/\/fontdevila.art\/?page_id=722"},"modified":"2024-12-07T20:12:05","modified_gmt":"2024-12-07T20:12:05","slug":"condicions-de-contractacio","status":"publish","type":"page","link":"https:\/\/fontdevila.art\/es\/condicions-de-contractacio\/","title":{"rendered":"Condiciones de Contrataci\u00f3n"},"content":{"rendered":"<p>[et_pb_section fb_built=&#8221;1&#8243; _builder_version=&#8221;4.27.4&#8243; _module_preset=&#8221;default&#8221; global_colors_info=&#8221;{}&#8221;][et_pb_row _builder_version=&#8221;4.27.4&#8243; _module_preset=&#8221;default&#8221; global_colors_info=&#8221;{}&#8221;][et_pb_column type=&#8221;4_4&#8243; _builder_version=&#8221;4.27.4&#8243; _module_preset=&#8221;default&#8221; global_colors_info=&#8221;{}&#8221;][et_pb_text _builder_version=&#8221;4.27.4&#8243; _module_preset=&#8221;default&#8221; hover_enabled=&#8221;0&#8243; global_colors_info=&#8221;{}&#8221; sticky_enabled=&#8221;0&#8243;]<\/p>\n<p>Abans de contractar qualsevol dels serveis o productes que posem a la teva disposici\u00f3 en fontdevila.art, \u00e9s imprescindible que llegeixis aquestes condicions i els termes que s&#8217;apliquen a la prestaci\u00f3 dels quals serveis i productes aqu\u00ed oferts.<\/p>\n<p>Aquestes condicions podran ser modificades en qualsevol moment. \u00c9s la teva responsabilitat llegir-les peri\u00f2dicament, ja que les condicions vigents en el moment de celebraci\u00f3 de cada Contracte (tal com aquest es defineix m\u00e9s endavant) o a falta d&#8217;aquest, en el moment d&#8217;\u00fas de la p\u00e0gina web seran les que li resultin aplicables.<\/p>\n<p>Els serveis i productes oferts estan disponibles nom\u00e9s per a les persones jur\u00eddiques i les persones que tenen almenys tinguin 18 anys d&#8217;edat.<\/p>\n<p>&nbsp;<\/p>\n<p><b>Responsable de la web<\/b><\/p>\n<p>En compliment de la Llei 34\/2002, d&#8217;11 de juliol, de serveis de la societat de la informaci\u00f3 i de comer\u00e7 electr\u00f2nic, se l&#8217;informa que:<\/p>\n<p>Identitat del responsable: Fontdevila Art<\/p>\n<p>NIF\/CIF: XXXXXXXX<\/p>\n<p>Domicili social: 08870 Sitges (Barcelona)<\/p>\n<p>Email de contacte: info@fontdevila.art<\/p>\n<p>Activitat social: Creaci\u00f3 art\u00edstica i il\u00b7lustraci\u00f3 realitzades de manera no professional<\/p>\n<p>&nbsp;<\/p>\n<p><b>Serveis i productes oferts a la web i proc\u00e9s de compra<\/b><\/p>\n<p><b>Fontdevila.Art<\/b> posa a la teva disposici\u00f3 els seg\u00fcents productes i serveis:<\/p>\n<ul>\n<li><b><\/b><b>Obres d\u2019art originals<\/b>: Una selecci\u00f3 de pintures i il\u00b7lustracions \u00faniques creades per l\u2019artista Sitget\u00e0. Trobar\u00e0s una varietat d&#8217;estils i tem\u00e0tiques per donar un toc especial a qualsevol espai.<\/li>\n<\/ul>\n<ul>\n<li><b><\/b><b>Creaci\u00f3 d\u2019obres personalitzades<\/b>: Oferim la possibilitat de realitzar pintures o il\u00b7lustracions fetes a mida segons les teves prefer\u00e8ncies art\u00edstiques, ja sigui per decorar casa teva, regalar o satisfer qualsevol necessitat creativa. (contacte: <a href=\"mailto:info@fontdevila.art\">info@fontdevila.art<\/a>).<\/li>\n<\/ul>\n<p>Cada pe\u00e7a est\u00e0 elaborada amb materials de qualitat i cuidant cada detall per garantir un resultat excepcional que perduri en el temps.<\/p>\n<p>&nbsp;<\/p>\n<p>&nbsp;<\/p>\n<p><b>El proc\u00e9s de contractaci\u00f3 electr\u00f2nica es dividir\u00e0 en 3 fases.<\/b><\/p>\n<p>Primera Fase.- Una vegada dins de la p\u00e0gina de la botiga, podr\u00e0s accedir a la compra del producte seleccionat.<\/p>\n<p>&nbsp;<\/p>\n<p>Segona Fase.- Posteriorment ser\u00e0s redirigit a la p\u00e0gina del carro<span class=\"Apple-converted-space\">\u00a0 <\/span>mitjan\u00e7ant la plataforma de pagament on despr\u00e9s de sol\u00b7licitar les teves dades fiscals i de creaci\u00f3 de compte, podr\u00e0s realitzar el pagament mitjan\u00e7ant Transferencia o Targeta de Cr\u00e8dit.<\/p>\n<p>&nbsp;<\/p>\n<p>Tercera Fase.- Despr\u00e9s de realitzar el pagament, rebr\u00e0s un email amb la factura, i et remetrem c\u00f2pia de les condicions de venda vigent en el moment de cada compra, aixi com l\u2019informacio sobre el termini de lliurament, segons el tipus de forma de pagament, la tipologia de la obra i la ubicaci\u00f3 de la entrega.<\/p>\n<p>El proc\u00e9s de contractaci\u00f3 es realitzar\u00e0 \u00fanicament en catal\u00e0\/castella, que ser\u00e0 tamb\u00e9 l&#8217;idioma en el qual es lliurar\u00e0 tota la documentaci\u00f3.<\/p>\n<p>&nbsp;<\/p>\n<p><b>Dret d\u2019exclusi\u00f3<\/b><\/p>\n<p>Fontdevila Art es reserva el dret a denegar o retirar l&#8217;acc\u00e9s a la web i als productes oferts sense necessitat de preav\u00eds, a inst\u00e0ncia pr\u00f2pia o d&#8217;un tercer, a aquells usuaris que incompleixin les presents condicions d&#8217;\u00fas.<\/p>\n<p>&nbsp;<\/p>\n<p><b>Preus i formes de pagament<\/b><\/p>\n<p>Els preus aplicables a cada producte s\u00f3n els indicats en la web en la data en qu\u00e8 es realitza la comanda incloent l&#8217;IVA per a transaccions dins del territori espanyol.<\/p>\n<p>Per a les comandes de productes amb destinacions a altres pa\u00efsos de la Uni\u00f3 Europea, l&#8217;IVA espanyol ser\u00e0 dedu\u00eft i s&#8217;aplicar\u00e0 el tipus impositiu d&#8217;IVA corresponent al pa\u00eds de destinaci\u00f3. El preu final apareixer\u00e0 durant la confirmaci\u00f3 de la teva comanda i reflectir\u00e0 el tipus impositiu d&#8217;IVA corresponent al pa\u00eds de destinaci\u00f3 dels productes.<\/p>\n<p>El pagament sempre \u00e9s per endavant del 100% i el producte ser\u00e0 enviat quan es confirmi aquest pagament.<\/p>\n<p>&nbsp;<\/p>\n<p>Els preus dels productes poden canviar en qualsevol moment a discreci\u00f3 \u00fanica i exclusiva de Fontdevila Art. Els serveis no brinden protecci\u00f3 de preus i reemborsaments en el cas de reducci\u00f3 de preus o ofertes promocionals. Sempre regiran per al Client el preu estipulat en fer el pagament.<\/p>\n<p>&nbsp;<\/p>\n<p>Les formes de pagament acceptades a fontdevila.art estan adaptades a la PSD2 i\u00a0 s\u00f3n: Transferencia banc\u00e0ria i targeta, a trav\u00e9s de RedSys. Les targetes estaran subjectes a comprovacions i autoritzacions per part de l&#8217;entitat emissora d&#8217;aquestes, per\u00f2 si aquesta entitat no autoritz\u00e9s el pagament no considerarem formalitzat el contracte de compra.<\/p>\n<p>&nbsp;<\/p>\n<p><b>Propietat Intel\u00b7lectual i Industrial<\/b><\/p>\n<p><b>Fontdevila.Art<\/b> \u00e9s titular de tots els drets de propietat intel\u00b7lectual i industrial de les seves obres d\u2019art, incloent pintures, il\u00b7lustracions i altres continguts art\u00edstics, aix\u00ed com dels elements que apareixen a la seva p\u00e0gina web. Tots els drets estan reservats.<\/p>\n<p>Est\u00e0 perm\u00e8s \u00fanicament visualitzar les obres publicades al web amb finalitats informatives o de compra, per\u00f2 no es poden descarregar, imprimir, copiar ni emmagatzemar en cap dispositiu f\u00edsic o digital sense autoritzaci\u00f3 pr\u00e8via per escrit.<\/p>\n<p>Adquirir una obra no implica la transmissi\u00f3 de drets d\u2019explotaci\u00f3 o reproducci\u00f3 d\u2019aquesta. Les obres adquirides s\u00f3n per a \u00fas personal o decoratiu, quedant prohibida la seva reproducci\u00f3, distribuci\u00f3 o \u00fas comercial sense el consentiment expr\u00e9s de <b>Fontdevila.Art<\/b>.<\/p>\n<p>Qualsevol \u00fas no autoritzat de les obres o continguts del web ser\u00e0 considerat un incompliment greu dels drets de propietat intel\u00b7lectual i industrial. En aquests casos, <b>Fontdevila.Art<\/b> es reserva el dret d\u2019emprendre les accions legals pertinents per protegir els seus drets, segons el que estableix l\u2019article 270 i seg\u00fcents del Codi Penal, amb penes que poden incloure fins a 4 anys de pres\u00f3.<\/p>\n<p>Per dubtes, consultes o reclamacions, pots escriure a <b>info@fontdevila.art<\/b>.<\/p>\n<p><b>Dret de desistiment<\/b><\/p>\n<p>Segons l\u2019article 103 del TRLGDCU, les obres personalitzades o fetes a mida segons les prefer\u00e8ncies del client no tenen dret de desistiment, ja que es tracta de productes \u00fanics i creats espec\u00edficament per a cada client.<\/p>\n<p>En el cas d&#8217;obres art\u00edstiques no personalitzades adquirides a trav\u00e9s del web, es podr\u00e0 exercir el dret de desistiment en un termini de 14 dies naturals des de la recepci\u00f3 de l\u2019obra, sempre que es retornin en perfectes condicions i en el seu embalatge original. Les despeses de devoluci\u00f3 aniran a c\u00e0rrec del comprador.<\/p>\n<p><b><a href=\"https:\/\/fontdevila.art\/es\/politica-de-devolucions-i-reemborsaments\/\">Pol\u00edtica de devolucions i reemborsament<\/a>s<\/b><\/p>\n<p><b>Exclusi\u00f3 de Garanties i Responsabilitat<\/b><\/p>\n<p><b>Fontdevila.Art<\/b> no pot garantir la continu\u00eftat t\u00e8cnica de la web ni assegurar que aquesta estar\u00e0 disponible o accessible el 100% del temps per causes alienes al seu control, com errors d\u2019Internet, for\u00e7a major o atacs inform\u00e0tics.<\/p>\n<p>Tot i que s\u2019esfor\u00e7ar\u00e0 per evitar i solucionar aquestes incid\u00e8ncies amb la m\u00e0xima celeritat, <b>Fontdevila.Art<\/b> no es fa responsable dels possibles perjudicis derivats d\u2019aquestes interrupcions.<\/p>\n<p><b>Tractament de dades personals<\/b><\/p>\n<p>D\u2019acord amb la Llei Org\u00e0nica 3\/2018, de 5 de desembre, les dades personals facilitades seran tractades per <b>Fontdevila.Art<\/b> amb les seg\u00fcents finalitats:<\/p>\n<ul>\n<li>Gestionar la compra i l\u2019enviament de les obres adquirides.<\/li>\n<li>Enviar comunicacions sobre novetats, promocions i altres informacions d\u2019inter\u00e8s, sempre que s\u2019hagi autoritzat.<\/li>\n<\/ul>\n<p>Podr\u00e0s exercir els teus drets d\u2019acc\u00e9s, rectificaci\u00f3, cancel\u00b7laci\u00f3 i oposici\u00f3 enviant una sol\u00b7licitud a <b>info@fontdevila.art<\/b>, adjuntant una c\u00f2pia del teu DNI i indicant \u201cProtecci\u00f3 de dades\u201d com a assumpte.<\/p>\n<p><b>Legislaci\u00f3 aplicable i jurisdicci\u00f3<\/b><\/p>\n<p>Aquestes condicions es regeixen per la normativa espanyola vigent. Qualsevol controv\u00e8rsia que pugui sorgir es resoldr\u00e0 als Jutjats i Tribunals corresponents al domicili del consumidor o, en cas de ser aplicable, als de Vilanova i la Geltru.<\/p>\n<p>&nbsp;<\/p>\n<p>Aquestes condicions de contractaci\u00f3, van ser actualitzades per \u00faltima vegada el 03\/01\/2025.<\/p>\n<p>\u00a9 Aquestes disposicions legals estan subjectes a drets d&#8217;autor i han estat creades exclusivament per a Fontdevila.Art.<\/p>\n<p>[\/et_pb_text][\/et_pb_column][\/et_pb_row][\/et_pb_section]<\/p>","protected":false},"excerpt":{"rendered":"<p>Abans de contractar qualsevol dels serveis o productes que posem a la teva disposici\u00f3 en fontdevila.art, \u00e9s imprescindible que llegeixis aquestes condicions i els termes que s&#8217;apliquen a la prestaci\u00f3 dels quals serveis i productes aqu\u00ed oferts. Aquestes condicions podran ser modificades en qualsevol moment. \u00c9s la teva responsabilitat llegir-les peri\u00f2dicament, ja que les condicions [&hellip;]<\/p>","protected":false},"author":2,"featured_media":0,"parent":0,"menu_order":0,"comment_status":"closed","ping_status":"closed","template":"","meta":{"_et_pb_use_builder":"on","_et_pb_old_content":"","_et_gb_content_width":"","footnotes":""},"class_list":["post-722","page","type-page","status-publish","hentry"],"_links":{"self":[{"href":"https:\/\/fontdevila.art\/es\/wp-json\/wp\/v2\/pages\/722","targetHints":{"allow":["GET"]}}],"collection":[{"href":"https:\/\/fontdevila.art\/es\/wp-json\/wp\/v2\/pages"}],"about":[{"href":"https:\/\/fontdevila.art\/es\/wp-json\/wp\/v2\/types\/page"}],"author":[{"embeddable":true,"href":"https:\/\/fontdevila.art\/es\/wp-json\/wp\/v2\/users\/2"}],"replies":[{"embeddable":true,"href":"https:\/\/fontdevila.art\/es\/wp-json\/wp\/v2\/comments?post=722"}],"version-history":[{"count":0,"href":"https:\/\/fontdevila.art\/es\/wp-json\/wp\/v2\/pages\/722\/revisions"}],"wp:attachment":[{"href":"https:\/\/fontdevila.art\/es\/wp-json\/wp\/v2\/media?parent=722"}],"curies":[{"name":"wp","href":"https:\/\/api.w.org\/{rel}","templated":true}]}}