{"id":1238,"date":"2025-01-02T11:29:38","date_gmt":"2025-01-02T11:29:38","guid":{"rendered":"https:\/\/fontdevila.art\/?post_type=product&#038;p=1238"},"modified":"2025-01-02T12:13:52","modified_gmt":"2025-01-02T12:13:52","slug":"tassa-punta-de-sitges","status":"publish","type":"product","link":"https:\/\/fontdevila.art\/es\/product\/tassa-punta-de-sitges\/","title":{"rendered":"Taza \u201cPunta de Sitges\u201d"},"content":{"rendered":"<p>Descobreix l&#8217;encant de la senzillesa i l&#8217;artesania amb aquesta tassa de caf\u00e8 amb llet feta de fang, blanca amb ansa. Cada pe\u00e7a est\u00e0 decorada a m\u00e0 amb detalls pintats amb tinta blava o negra, oferint un toc \u00fanic que combina tradici\u00f3 i estil contemporani. La tassa \u00e9s perfecta per acompanyar els teus moments de relax amb un caf\u00e8, un te o qualsevol altra beguda calenta. Aquestes tasses s\u00f3n resistents, f\u00e0cils de netejar i dissenyades per durar, convertint-les en l&#8217;opci\u00f3 ideal tant per al dia a dia com per ocasions especials. Fes-te amb una pe\u00e7a d&#8217;art funcional que reflecteix l&#8217;autenticitat i la dedicaci\u00f3 de l&#8217;artesania feta a m\u00e0!<\/p>","protected":false},"excerpt":{"rendered":"<p>Taza de caf\u00e9 con leche de barro, blanca con asa y decorada a mano con tinta azul o negra. Elegancia y artesan\u00eda para tu mesa!<\/p>","protected":false},"featured_media":1126,"comment_status":"open","ping_status":"closed","template":"","meta":{"_et_pb_use_builder":"off","_et_pb_old_content":"Descobreix l'encant de la senzillesa i l'artesania amb aquesta tassa de caf\u00e8 amb llet feta de fang, blanca amb nansa. Cada pe\u00e7a est\u00e0 decorada a m\u00e0 amb detalls pintats amb tinta blava o negra, oferint un toc \u00fanic que combina tradici\u00f3 i estil contemporani. La tassa \u00e9s perfecta per acompanyar els teus moments de relax amb un caf\u00e8, un te o qualsevol altra beguda calenta.\r\n\r\nAquestes tasses s\u00f3n resistents, f\u00e0cils de netejar i dissenyades per durar, convertint-les en l'opci\u00f3 ideal tant per al dia a dia com per ocasions especials.\r\n\r\nFes-te amb una pe\u00e7a d'art funcional que reflecteix l'autenticitat i la dedicaci\u00f3 de l'artesania feta a m\u00e0!","_et_gb_content_width":""},"product_brand":[],"product_cat":[22,36],"product_tag":[],"class_list":{"0":"post-1238","1":"product","2":"type-product","3":"status-publish","4":"has-post-thumbnail","6":"product_cat-tassa","7":"product_cat-36","9":"first","10":"instock","11":"shipping-taxable","12":"purchasable","13":"product-type-simple"},"_links":{"self":[{"href":"https:\/\/fontdevila.art\/es\/wp-json\/wp\/v2\/product\/1238","targetHints":{"allow":["GET"]}}],"collection":[{"href":"https:\/\/fontdevila.art\/es\/wp-json\/wp\/v2\/product"}],"about":[{"href":"https:\/\/fontdevila.art\/es\/wp-json\/wp\/v2\/types\/product"}],"replies":[{"embeddable":true,"href":"https:\/\/fontdevila.art\/es\/wp-json\/wp\/v2\/comments?post=1238"}],"wp:featuredmedia":[{"embeddable":true,"href":"https:\/\/fontdevila.art\/es\/wp-json\/wp\/v2\/media\/1126"}],"wp:attachment":[{"href":"https:\/\/fontdevila.art\/es\/wp-json\/wp\/v2\/media?parent=1238"}],"wp:term":[{"taxonomy":"product_brand","embeddable":true,"href":"https:\/\/fontdevila.art\/es\/wp-json\/wp\/v2\/product_brand?post=1238"},{"taxonomy":"product_cat","embeddable":true,"href":"https:\/\/fontdevila.art\/es\/wp-json\/wp\/v2\/product_cat?post=1238"},{"taxonomy":"product_tag","embeddable":true,"href":"https:\/\/fontdevila.art\/es\/wp-json\/wp\/v2\/product_tag?post=1238"}],"curies":[{"name":"wp","href":"https:\/\/api.w.org\/{rel}","templated":true}]}}