{"id":1240,"date":"2025-01-02T11:34:15","date_gmt":"2025-01-02T11:34:15","guid":{"rendered":"https:\/\/fontdevila.art\/?post_type=product&#038;p=1240"},"modified":"2025-01-02T12:12:21","modified_gmt":"2025-01-02T12:12:21","slug":"pack-4-tasses-punta-de-sitges","status":"publish","type":"product","link":"https:\/\/fontdevila.art\/es\/product\/pack-4-tasses-punta-de-sitges\/","title":{"rendered":"Pack 4 Tazas \u201cPunta de Sitges\u201d"},"content":{"rendered":"<p>Descobreix l&#8217;encant de la senzillesa i l&#8217;artesania amb aquesta tassa de caf\u00e8 amb llet feta de fang, blanca amb ansa. Cada pe\u00e7a est\u00e0 decorada a m\u00e0 amb detalls pintats amb tinta blava o negra, oferint un toc \u00fanic que combina tradici\u00f3 i estil contemporani. La tassa \u00e9s perfecta per acompanyar els teus moments de relax amb un caf\u00e8, un te o qualsevol altra beguda calenta.<\/p>\n<p>Un pack de 4 tasses id\u00e8ntiques, ideals per a una taula elegant i coordinada. Aquestes tasses s\u00f3n resistents, f\u00e0cils de netejar i dissenyades per durar, convertint-les en l&#8217;opci\u00f3 ideal tant per al dia a dia com per ocasions especials.<\/p>\n<p>Fes-te amb una pe\u00e7a d&#8217;art funcional que reflecteix l&#8217;autenticitat i la dedicaci\u00f3 de l&#8217;artesania feta a m\u00e0!<\/p>","protected":false},"excerpt":{"rendered":"<p>Tasas de caf\u00e9 con leche de barro, blanca con asa y decoradas a mano con tinta azul o negra. Disponible como pack de 4 id\u00e9nticas. Elegancia y artesan\u00eda para tu mesa!<\/p>","protected":false},"featured_media":1126,"comment_status":"open","ping_status":"closed","template":"","meta":{"_et_pb_use_builder":"","_et_pb_old_content":"","_et_gb_content_width":""},"product_brand":[],"product_cat":[22,36,38],"product_tag":[],"class_list":{"0":"post-1240","1":"product","2":"type-product","3":"status-publish","4":"has-post-thumbnail","6":"product_cat-tassa","7":"product_cat-36","8":"product_cat-pack-4","10":"first","11":"instock","12":"shipping-taxable","13":"purchasable","14":"product-type-simple"},"_links":{"self":[{"href":"https:\/\/fontdevila.art\/es\/wp-json\/wp\/v2\/product\/1240","targetHints":{"allow":["GET"]}}],"collection":[{"href":"https:\/\/fontdevila.art\/es\/wp-json\/wp\/v2\/product"}],"about":[{"href":"https:\/\/fontdevila.art\/es\/wp-json\/wp\/v2\/types\/product"}],"replies":[{"embeddable":true,"href":"https:\/\/fontdevila.art\/es\/wp-json\/wp\/v2\/comments?post=1240"}],"wp:featuredmedia":[{"embeddable":true,"href":"https:\/\/fontdevila.art\/es\/wp-json\/wp\/v2\/media\/1126"}],"wp:attachment":[{"href":"https:\/\/fontdevila.art\/es\/wp-json\/wp\/v2\/media?parent=1240"}],"wp:term":[{"taxonomy":"product_brand","embeddable":true,"href":"https:\/\/fontdevila.art\/es\/wp-json\/wp\/v2\/product_brand?post=1240"},{"taxonomy":"product_cat","embeddable":true,"href":"https:\/\/fontdevila.art\/es\/wp-json\/wp\/v2\/product_cat?post=1240"},{"taxonomy":"product_tag","embeddable":true,"href":"https:\/\/fontdevila.art\/es\/wp-json\/wp\/v2\/product_tag?post=1240"}],"curies":[{"name":"wp","href":"https:\/\/api.w.org\/{rel}","templated":true}]}}